{"id":22451,"date":"2023-11-29T12:21:58","date_gmt":"2023-11-29T12:21:58","guid":{"rendered":"https:\/\/www.fotospace.pt\/?post_type=product&#038;p=22451"},"modified":"2024-03-18T11:24:01","modified_gmt":"2024-03-18T11:24:01","slug":"workshop-de-iniciacao-a-iluminacao-em-estudio","status":"publish","type":"product","link":"https:\/\/www.fotospace.pt\/en\/product\/workshop-de-iniciacao-a-iluminacao-em-estudio\/","title":{"rendered":"Workshop Individual de Inicia\u00e7\u00e3o \u00e0 Ilumina\u00e7\u00e3o em Est\u00fadio"},"content":{"rendered":"<p>Direccionado para quem deseja dar os primeiros pa\u00e7os na fotografia em est\u00fadio.<\/p>\n<p>Forma\u00e7\u00e3o: Settings da m\u00e1quina fotogr\u00e1fica, aprender a trabalhar com as cabe\u00e7as de luz de est\u00fadio e diferentes modeladores.<\/p>\n<p>Dura\u00e7\u00e3o: 2 horas<\/p>","protected":false},"excerpt":{"rendered":"<p>Workshop Individual<\/p>","protected":false},"featured_media":22520,"template":"","meta":{"_exactmetrics_skip_tracking":false,"_exactmetrics_sitenote_active":false,"_exactmetrics_sitenote_note":"","_exactmetrics_sitenote_category":0},"product_brand":[],"product_cat":[185],"product_tag":[],"class_list":{"0":"post-22451","1":"product","2":"type-product","3":"status-publish","4":"has-post-thumbnail","6":"product_cat-workshops-individuais","8":"first","9":"instock","10":"virtual","11":"sold-individually","12":"taxable","13":"purchasable","14":"product-type-simple"},"yoast_head":"<!-- This site is optimized with the Yoast SEO plugin v27.3 - https:\/\/yoast.com\/product\/yoast-seo-wordpress\/ -->\n<title>Workshop Individual de Inicia\u00e7\u00e3o \u00e0 Ilumina\u00e7\u00e3o em Est\u00fadio - Foto Space<\/title>\n<meta name=\"description\" content=\"Direccionado para quem deseja dar os primeiros pa\u00e7os na fotografia de est\u00fadio. Settings da m\u00e1quina , aprender a trabalhar com as cabe\u00e7as de luz, etc\" \/>\n<meta name=\"robots\" content=\"index, follow, max-snippet:-1, max-image-preview:large, max-video-preview:-1\" \/>\n<link rel=\"canonical\" href=\"https:\/\/www.fotospace.pt\/en\/product\/workshop-de-iniciacao-a-iluminacao-em-estudio\/\" \/>\n<meta property=\"og:locale\" content=\"en_GB\" \/>\n<meta property=\"og:type\" content=\"article\" \/>\n<meta property=\"og:title\" content=\"Workshop Individual de Inicia\u00e7\u00e3o \u00e0 Ilumina\u00e7\u00e3o em Est\u00fadio - Foto Space\" \/>\n<meta property=\"og:description\" content=\"Direccionado para quem deseja dar os primeiros pa\u00e7os na fotografia de est\u00fadio. Settings da m\u00e1quina , aprender a trabalhar com as cabe\u00e7as de luz, etc\" \/>\n<meta property=\"og:url\" content=\"https:\/\/www.fotospace.pt\/en\/product\/workshop-de-iniciacao-a-iluminacao-em-estudio\/\" \/>\n<meta property=\"og:site_name\" content=\"Foto Space\" \/>\n<meta property=\"article:publisher\" content=\"https:\/\/www.facebook.com\/fotospace\/\" \/>\n<meta property=\"article:modified_time\" content=\"2024-03-18T11:24:01+00:00\" \/>\n<meta property=\"og:image\" content=\"https:\/\/www.fotospace.pt\/wp-content\/uploads\/2023\/11\/harry-cunningham-InJ1nFPn0fU-unsplash-scaled.jpg\" \/>\n\t<meta property=\"og:image:width\" content=\"2560\" \/>\n\t<meta property=\"og:image:height\" content=\"1707\" \/>\n\t<meta property=\"og:image:type\" content=\"image\/jpeg\" \/>\n<meta name=\"twitter:card\" content=\"summary_large_image\" \/>\n<meta name=\"twitter:label1\" content=\"Estimated reading time\" \/>\n\t<meta name=\"twitter:data1\" content=\"1 minute\" \/>\n<script type=\"application\/ld+json\" class=\"yoast-schema-graph\">{\"@context\":\"https:\\\/\\\/schema.org\",\"@graph\":[{\"@type\":\"WebPage\",\"@id\":\"https:\\\/\\\/www.fotospace.pt\\\/product\\\/workshop-de-iniciacao-a-iluminacao-em-estudio\\\/\",\"url\":\"https:\\\/\\\/www.fotospace.pt\\\/product\\\/workshop-de-iniciacao-a-iluminacao-em-estudio\\\/\",\"name\":\"Workshop Individual de Inicia\u00e7\u00e3o \u00e0 Ilumina\u00e7\u00e3o em Est\u00fadio - Foto Space\",\"isPartOf\":{\"@id\":\"https:\\\/\\\/www.fotospace.pt\\\/eng\\\/#website\"},\"primaryImageOfPage\":{\"@id\":\"https:\\\/\\\/www.fotospace.pt\\\/product\\\/workshop-de-iniciacao-a-iluminacao-em-estudio\\\/#primaryimage\"},\"image\":{\"@id\":\"https:\\\/\\\/www.fotospace.pt\\\/product\\\/workshop-de-iniciacao-a-iluminacao-em-estudio\\\/#primaryimage\"},\"thumbnailUrl\":\"https:\\\/\\\/www.fotospace.pt\\\/wp-content\\\/uploads\\\/2023\\\/11\\\/harry-cunningham-InJ1nFPn0fU-unsplash-scaled.jpg\",\"datePublished\":\"2023-11-29T12:21:58+00:00\",\"dateModified\":\"2024-03-18T11:24:01+00:00\",\"description\":\"Direccionado para quem deseja dar os primeiros pa\u00e7os na fotografia de est\u00fadio. Settings da m\u00e1quina , aprender a trabalhar com as cabe\u00e7as de luz, etc\",\"breadcrumb\":{\"@id\":\"https:\\\/\\\/www.fotospace.pt\\\/product\\\/workshop-de-iniciacao-a-iluminacao-em-estudio\\\/#breadcrumb\"},\"inLanguage\":\"en-GB\",\"potentialAction\":[{\"@type\":\"ReadAction\",\"target\":[\"https:\\\/\\\/www.fotospace.pt\\\/product\\\/workshop-de-iniciacao-a-iluminacao-em-estudio\\\/\"]}]},{\"@type\":\"ImageObject\",\"inLanguage\":\"en-GB\",\"@id\":\"https:\\\/\\\/www.fotospace.pt\\\/product\\\/workshop-de-iniciacao-a-iluminacao-em-estudio\\\/#primaryimage\",\"url\":\"https:\\\/\\\/www.fotospace.pt\\\/wp-content\\\/uploads\\\/2023\\\/11\\\/harry-cunningham-InJ1nFPn0fU-unsplash-scaled.jpg\",\"contentUrl\":\"https:\\\/\\\/www.fotospace.pt\\\/wp-content\\\/uploads\\\/2023\\\/11\\\/harry-cunningham-InJ1nFPn0fU-unsplash-scaled.jpg\",\"width\":2560,\"height\":1707,\"caption\":\"Workshop de Fotografia\"},{\"@type\":\"BreadcrumbList\",\"@id\":\"https:\\\/\\\/www.fotospace.pt\\\/product\\\/workshop-de-iniciacao-a-iluminacao-em-estudio\\\/#breadcrumb\",\"itemListElement\":[{\"@type\":\"ListItem\",\"position\":1,\"name\":\"Home\",\"item\":\"https:\\\/\\\/www.fotospace.pt\\\/\"},{\"@type\":\"ListItem\",\"position\":2,\"name\":\"Shop\",\"item\":\"https:\\\/\\\/www.fotospace.pt\\\/shop\\\/\"},{\"@type\":\"ListItem\",\"position\":3,\"name\":\"Workshop Individual de Inicia\u00e7\u00e3o \u00e0 Ilumina\u00e7\u00e3o em Est\u00fadio\"}]},{\"@type\":\"WebSite\",\"@id\":\"https:\\\/\\\/www.fotospace.pt\\\/eng\\\/#website\",\"url\":\"https:\\\/\\\/www.fotospace.pt\\\/eng\\\/\",\"name\":\"Foto Space\",\"description\":\"Aluguer de est\u00fadio fotogr\u00e1fico e workshops em Lisboa\",\"potentialAction\":[{\"@type\":\"SearchAction\",\"target\":{\"@type\":\"EntryPoint\",\"urlTemplate\":\"https:\\\/\\\/www.fotospace.pt\\\/eng\\\/?s={search_term_string}\"},\"query-input\":{\"@type\":\"PropertyValueSpecification\",\"valueRequired\":true,\"valueName\":\"search_term_string\"}}],\"inLanguage\":\"en-GB\"}]}<\/script>\n<!-- \/ Yoast SEO plugin. -->","yoast_head_json":{"title":"Workshop Individual de Inicia\u00e7\u00e3o \u00e0 Ilumina\u00e7\u00e3o em Est\u00fadio - Foto Space","description":"Direccionado para quem deseja dar os primeiros pa\u00e7os na fotografia de est\u00fadio. Settings da m\u00e1quina , aprender a trabalhar com as cabe\u00e7as de luz, etc","robots":{"index":"index","follow":"follow","max-snippet":"max-snippet:-1","max-image-preview":"max-image-preview:large","max-video-preview":"max-video-preview:-1"},"canonical":"https:\/\/www.fotospace.pt\/en\/product\/workshop-de-iniciacao-a-iluminacao-em-estudio\/","og_locale":"en_GB","og_type":"article","og_title":"Workshop Individual de Inicia\u00e7\u00e3o \u00e0 Ilumina\u00e7\u00e3o em Est\u00fadio - Foto Space","og_description":"Direccionado para quem deseja dar os primeiros pa\u00e7os na fotografia de est\u00fadio. Settings da m\u00e1quina , aprender a trabalhar com as cabe\u00e7as de luz, etc","og_url":"https:\/\/www.fotospace.pt\/en\/product\/workshop-de-iniciacao-a-iluminacao-em-estudio\/","og_site_name":"Foto Space","article_publisher":"https:\/\/www.facebook.com\/fotospace\/","article_modified_time":"2024-03-18T11:24:01+00:00","og_image":[{"width":2560,"height":1707,"url":"https:\/\/www.fotospace.pt\/wp-content\/uploads\/2023\/11\/harry-cunningham-InJ1nFPn0fU-unsplash-scaled.jpg","type":"image\/jpeg"}],"twitter_card":"summary_large_image","twitter_misc":{"Estimated reading time":"1 minute"},"schema":{"@context":"https:\/\/schema.org","@graph":[{"@type":"WebPage","@id":"https:\/\/www.fotospace.pt\/product\/workshop-de-iniciacao-a-iluminacao-em-estudio\/","url":"https:\/\/www.fotospace.pt\/product\/workshop-de-iniciacao-a-iluminacao-em-estudio\/","name":"Workshop Individual de Inicia\u00e7\u00e3o \u00e0 Ilumina\u00e7\u00e3o em Est\u00fadio - Foto Space","isPartOf":{"@id":"https:\/\/www.fotospace.pt\/eng\/#website"},"primaryImageOfPage":{"@id":"https:\/\/www.fotospace.pt\/product\/workshop-de-iniciacao-a-iluminacao-em-estudio\/#primaryimage"},"image":{"@id":"https:\/\/www.fotospace.pt\/product\/workshop-de-iniciacao-a-iluminacao-em-estudio\/#primaryimage"},"thumbnailUrl":"https:\/\/www.fotospace.pt\/wp-content\/uploads\/2023\/11\/harry-cunningham-InJ1nFPn0fU-unsplash-scaled.jpg","datePublished":"2023-11-29T12:21:58+00:00","dateModified":"2024-03-18T11:24:01+00:00","description":"Direccionado para quem deseja dar os primeiros pa\u00e7os na fotografia de est\u00fadio. Settings da m\u00e1quina , aprender a trabalhar com as cabe\u00e7as de luz, etc","breadcrumb":{"@id":"https:\/\/www.fotospace.pt\/product\/workshop-de-iniciacao-a-iluminacao-em-estudio\/#breadcrumb"},"inLanguage":"en-GB","potentialAction":[{"@type":"ReadAction","target":["https:\/\/www.fotospace.pt\/product\/workshop-de-iniciacao-a-iluminacao-em-estudio\/"]}]},{"@type":"ImageObject","inLanguage":"en-GB","@id":"https:\/\/www.fotospace.pt\/product\/workshop-de-iniciacao-a-iluminacao-em-estudio\/#primaryimage","url":"https:\/\/www.fotospace.pt\/wp-content\/uploads\/2023\/11\/harry-cunningham-InJ1nFPn0fU-unsplash-scaled.jpg","contentUrl":"https:\/\/www.fotospace.pt\/wp-content\/uploads\/2023\/11\/harry-cunningham-InJ1nFPn0fU-unsplash-scaled.jpg","width":2560,"height":1707,"caption":"Workshop de Fotografia"},{"@type":"BreadcrumbList","@id":"https:\/\/www.fotospace.pt\/product\/workshop-de-iniciacao-a-iluminacao-em-estudio\/#breadcrumb","itemListElement":[{"@type":"ListItem","position":1,"name":"Home","item":"https:\/\/www.fotospace.pt\/"},{"@type":"ListItem","position":2,"name":"Shop","item":"https:\/\/www.fotospace.pt\/shop\/"},{"@type":"ListItem","position":3,"name":"Workshop Individual de Inicia\u00e7\u00e3o \u00e0 Ilumina\u00e7\u00e3o em Est\u00fadio"}]},{"@type":"WebSite","@id":"https:\/\/www.fotospace.pt\/eng\/#website","url":"https:\/\/www.fotospace.pt\/eng\/","name":"Foto Space","description":"Aluguer de est\u00fadio fotogr\u00e1fico e workshops em Lisboa","potentialAction":[{"@type":"SearchAction","target":{"@type":"EntryPoint","urlTemplate":"https:\/\/www.fotospace.pt\/eng\/?s={search_term_string}"},"query-input":{"@type":"PropertyValueSpecification","valueRequired":true,"valueName":"search_term_string"}}],"inLanguage":"en-GB"}]}},"_links":{"self":[{"href":"https:\/\/www.fotospace.pt\/en\/wp-json\/wp\/v2\/product\/22451","targetHints":{"allow":["GET"]}}],"collection":[{"href":"https:\/\/www.fotospace.pt\/en\/wp-json\/wp\/v2\/product"}],"about":[{"href":"https:\/\/www.fotospace.pt\/en\/wp-json\/wp\/v2\/types\/product"}],"wp:featuredmedia":[{"embeddable":true,"href":"https:\/\/www.fotospace.pt\/en\/wp-json\/wp\/v2\/media\/22520"}],"wp:attachment":[{"href":"https:\/\/www.fotospace.pt\/en\/wp-json\/wp\/v2\/media?parent=22451"}],"wp:term":[{"taxonomy":"product_brand","embeddable":true,"href":"https:\/\/www.fotospace.pt\/en\/wp-json\/wp\/v2\/product_brand?post=22451"},{"taxonomy":"product_cat","embeddable":true,"href":"https:\/\/www.fotospace.pt\/en\/wp-json\/wp\/v2\/product_cat?post=22451"},{"taxonomy":"product_tag","embeddable":true,"href":"https:\/\/www.fotospace.pt\/en\/wp-json\/wp\/v2\/product_tag?post=22451"}],"curies":[{"name":"wp","href":"https:\/\/api.w.org\/{rel}","templated":true}]}}