{"id":22333,"date":"2023-10-11T13:41:04","date_gmt":"2023-10-11T13:41:04","guid":{"rendered":"https:\/\/www.fotospace.pt\/?post_type=product&#038;p=22333"},"modified":"2024-03-21T12:41:17","modified_gmt":"2024-03-21T12:41:17","slug":"aluguer-de-estudio","status":"publish","type":"product","link":"https:\/\/www.fotospace.pt\/en\/product\/aluguer-de-estudio\/","title":{"rendered":"Aluguer de Est\u00fadio"},"content":{"rendered":"<div class=\"vc_row wpb_row vc_inner section vc_row-fluid grid_section\">\n<div class=\"section_inner clearfix\">\n<div class=\"section_inner_margin clearfix\">\n<div class=\"wpb_column vc_column_container vc_col-sm-12\">\n<div class=\"vc_column-inner\">\n<div class=\"wpb_wrapper\">\n<div class=\"wpb_text_column wpb_content_element\">\n<div class=\"wpb_wrapper\">\n<p>Por favor verifique se a data desejada est\u00e1 livre, no m\u00e1ximo 24 horas antes de efectuar o pagamento.<\/p>\n<p><strong><br \/>\nEspa\u00e7o e equipamento inclu\u00eddo em cada aluguer:<\/strong><\/p>\n<\/div>\n<\/div>\n<p class=\"vc_empty_space\">\u2013 Est\u00fadio de fotografia<br \/>\n\u2013 Zona de maquilhagem<br \/>\n\u2013 Vestu\u00e1rio<br \/>\n\u2013 Sala de espera \/ Lounge<br \/>\n\u2013 2x WC<br \/>\n\u2013 Apoio t\u00e9cnico<br \/>\n\u2013 Internet Wi-Fi<br \/>\n\u2013 1 fundo 2,75m \u00e0 escolha (branco, cinza, preto, amarelo, azul, vermelho, rosa ou avel\u00e3).<br \/>\n\u2013 Trigger por r\u00e1dio<br \/>\n\u2013 Luzes Profoto D2 500W (2 unidades)<br \/>\n\u2013 Luz Profoto B10 Plus 500W<br \/>\n\u2013 Luz Profoto B2 250W<br \/>\n\u2013 2 Softbox com grid \u00e1 escolha<br \/>\n\u2013 Octa 90<br \/>\n\u2013 Strip 35\u00d7140 (2 unidades)<br \/>\n\u2013 1 Softbox 90\u00d740 cm<br \/>\n\u2013 Trip\u00e9s lightstand (v\u00e1rios dispon\u00edveis)<br \/>\n\u2013 Conjunto de reflectores<\/p>\n<\/div>\n<\/div>\n<\/div>\n<\/div>\n<\/div>\n<\/div>\n<div class=\"vc_row wpb_row vc_inner section vc_row-fluid grid_section\">\n<div class=\"section_inner clearfix\">\n<div class=\"section_inner_margin clearfix\">\n<div class=\"wpb_column vc_column_container vc_col-sm-4\">\n<div class=\"vc_column-inner\">\n<div class=\"wpb_wrapper\">\n<div class=\"wpb_text_column wpb_content_element\">\n<div class=\"wpb_wrapper\">\n<p><strong>Mobili\u00e1rio<\/strong><br \/>\n\u2013 1 Mesa branca opaca<br \/>\n\u2013 3 Cadeiras Cinzentas<br \/>\n\u2013 3 Cadeiras Brancas<br \/>\n\u2013 1 Banco de madeira r\u00fastico<br \/>\n\u2013 1 Banco alto preto\/metal<\/p>\n<p>\/\/ Ao efectuar a compra declara que leu e aceita os termos de <a href=\"https:\/\/www.fotospace.pt\/en\/funcionamento\/\" target=\"_blank\" rel=\"noopener\">funcionamento e condi\u00e7\u00f5es.<\/a><\/p>\n<\/div>\n<\/div>\n<\/div>\n<\/div>\n<\/div>\n<\/div>\n<\/div>\n<\/div>","protected":false},"excerpt":{"rendered":"<p>Aluguer de est\u00fadio fotogr\u00e1fico e v\u00eddeo<\/p>","protected":false},"featured_media":22178,"template":"","meta":{"_exactmetrics_skip_tracking":false,"_exactmetrics_sitenote_active":false,"_exactmetrics_sitenote_note":"","_exactmetrics_sitenote_category":0},"product_brand":[],"product_cat":[184],"product_tag":[],"class_list":{"0":"post-22333","1":"product","2":"type-product","3":"status-publish","4":"has-post-thumbnail","6":"product_cat-aluguer-de-estudio","8":"first","9":"instock","10":"sold-individually","11":"taxable","12":"shipping-taxable","13":"purchasable","14":"product-type-variable"},"yoast_head":"<!-- This site is optimized with the Yoast SEO plugin v27.4 - https:\/\/yoast.com\/product\/yoast-seo-wordpress\/ -->\n<title>Aluguer de Est\u00fadio - Foto Space<\/title>\n<meta name=\"description\" content=\"Aluguer de est\u00fadio fotogr\u00e1fico em Lisboa, Benfica. Espa\u00e7o amplo e equipamento topo de gama Profoto com diversos modeladores de luz e acess\u00f3rios.\" \/>\n<meta name=\"robots\" content=\"index, follow, max-snippet:-1, max-image-preview:large, max-video-preview:-1\" \/>\n<link rel=\"canonical\" href=\"https:\/\/www.fotospace.pt\/en\/product\/aluguer-de-estudio\/\" \/>\n<meta property=\"og:locale\" content=\"en_GB\" \/>\n<meta property=\"og:type\" content=\"article\" \/>\n<meta property=\"og:title\" content=\"Aluguer de Est\u00fadio - Foto Space\" \/>\n<meta property=\"og:description\" content=\"Aluguer de est\u00fadio fotogr\u00e1fico em Lisboa, Benfica. Espa\u00e7o amplo e equipamento topo de gama Profoto com diversos modeladores de luz e acess\u00f3rios.\" \/>\n<meta property=\"og:url\" content=\"https:\/\/www.fotospace.pt\/en\/product\/aluguer-de-estudio\/\" \/>\n<meta property=\"og:site_name\" content=\"Foto Space\" \/>\n<meta property=\"article:publisher\" content=\"https:\/\/www.facebook.com\/fotospace\/\" \/>\n<meta property=\"article:modified_time\" content=\"2024-03-21T12:41:17+00:00\" \/>\n<meta property=\"og:image\" content=\"https:\/\/www.fotospace.pt\/wp-content\/uploads\/2019\/07\/20190715-_7504074qd.jpg\" \/>\n\t<meta property=\"og:image:width\" content=\"2500\" \/>\n\t<meta property=\"og:image:height\" content=\"1875\" \/>\n\t<meta property=\"og:image:type\" content=\"image\/jpeg\" \/>\n<meta name=\"twitter:card\" content=\"summary_large_image\" \/>\n<meta name=\"twitter:label1\" content=\"Estimated reading time\" \/>\n\t<meta name=\"twitter:data1\" content=\"1 minute\" \/>\n<script type=\"application\/ld+json\" class=\"yoast-schema-graph\">{\"@context\":\"https:\\\/\\\/schema.org\",\"@graph\":[{\"@type\":\"WebPage\",\"@id\":\"https:\\\/\\\/www.fotospace.pt\\\/product\\\/aluguer-de-estudio\\\/\",\"url\":\"https:\\\/\\\/www.fotospace.pt\\\/product\\\/aluguer-de-estudio\\\/\",\"name\":\"Aluguer de Est\u00fadio - Foto Space\",\"isPartOf\":{\"@id\":\"https:\\\/\\\/www.fotospace.pt\\\/eng\\\/#website\"},\"primaryImageOfPage\":{\"@id\":\"https:\\\/\\\/www.fotospace.pt\\\/product\\\/aluguer-de-estudio\\\/#primaryimage\"},\"image\":{\"@id\":\"https:\\\/\\\/www.fotospace.pt\\\/product\\\/aluguer-de-estudio\\\/#primaryimage\"},\"thumbnailUrl\":\"https:\\\/\\\/www.fotospace.pt\\\/wp-content\\\/uploads\\\/2019\\\/07\\\/20190715-_7504074qd.jpg\",\"datePublished\":\"2023-10-11T13:41:04+00:00\",\"dateModified\":\"2024-03-21T12:41:17+00:00\",\"description\":\"Aluguer de est\u00fadio fotogr\u00e1fico em Lisboa, Benfica. Espa\u00e7o amplo e equipamento topo de gama Profoto com diversos modeladores de luz e acess\u00f3rios.\",\"breadcrumb\":{\"@id\":\"https:\\\/\\\/www.fotospace.pt\\\/product\\\/aluguer-de-estudio\\\/#breadcrumb\"},\"inLanguage\":\"en-GB\",\"potentialAction\":[{\"@type\":\"ReadAction\",\"target\":[\"https:\\\/\\\/www.fotospace.pt\\\/product\\\/aluguer-de-estudio\\\/\"]}]},{\"@type\":\"ImageObject\",\"inLanguage\":\"en-GB\",\"@id\":\"https:\\\/\\\/www.fotospace.pt\\\/product\\\/aluguer-de-estudio\\\/#primaryimage\",\"url\":\"https:\\\/\\\/www.fotospace.pt\\\/wp-content\\\/uploads\\\/2019\\\/07\\\/20190715-_7504074qd.jpg\",\"contentUrl\":\"https:\\\/\\\/www.fotospace.pt\\\/wp-content\\\/uploads\\\/2019\\\/07\\\/20190715-_7504074qd.jpg\",\"width\":2500,\"height\":1875,\"caption\":\"Foto Space - aluguer de est\u00fadio fotogr\u00e1fico em Lisboa e workshops de fotografia\"},{\"@type\":\"BreadcrumbList\",\"@id\":\"https:\\\/\\\/www.fotospace.pt\\\/product\\\/aluguer-de-estudio\\\/#breadcrumb\",\"itemListElement\":[{\"@type\":\"ListItem\",\"position\":1,\"name\":\"Home\",\"item\":\"https:\\\/\\\/www.fotospace.pt\\\/\"},{\"@type\":\"ListItem\",\"position\":2,\"name\":\"Shop\",\"item\":\"https:\\\/\\\/www.fotospace.pt\\\/shop\\\/\"},{\"@type\":\"ListItem\",\"position\":3,\"name\":\"Aluguer de Est\u00fadio\"}]},{\"@type\":\"WebSite\",\"@id\":\"https:\\\/\\\/www.fotospace.pt\\\/eng\\\/#website\",\"url\":\"https:\\\/\\\/www.fotospace.pt\\\/eng\\\/\",\"name\":\"Foto Space\",\"description\":\"Aluguer de est\u00fadio fotogr\u00e1fico e workshops em Lisboa\",\"potentialAction\":[{\"@type\":\"SearchAction\",\"target\":{\"@type\":\"EntryPoint\",\"urlTemplate\":\"https:\\\/\\\/www.fotospace.pt\\\/eng\\\/?s={search_term_string}\"},\"query-input\":{\"@type\":\"PropertyValueSpecification\",\"valueRequired\":true,\"valueName\":\"search_term_string\"}}],\"inLanguage\":\"en-GB\"}]}<\/script>\n<!-- \/ Yoast SEO plugin. -->","yoast_head_json":{"title":"Aluguer de Est\u00fadio - Foto Space","description":"Aluguer de est\u00fadio fotogr\u00e1fico em Lisboa, Benfica. Espa\u00e7o amplo e equipamento topo de gama Profoto com diversos modeladores de luz e acess\u00f3rios.","robots":{"index":"index","follow":"follow","max-snippet":"max-snippet:-1","max-image-preview":"max-image-preview:large","max-video-preview":"max-video-preview:-1"},"canonical":"https:\/\/www.fotospace.pt\/en\/product\/aluguer-de-estudio\/","og_locale":"en_GB","og_type":"article","og_title":"Aluguer de Est\u00fadio - Foto Space","og_description":"Aluguer de est\u00fadio fotogr\u00e1fico em Lisboa, Benfica. Espa\u00e7o amplo e equipamento topo de gama Profoto com diversos modeladores de luz e acess\u00f3rios.","og_url":"https:\/\/www.fotospace.pt\/en\/product\/aluguer-de-estudio\/","og_site_name":"Foto Space","article_publisher":"https:\/\/www.facebook.com\/fotospace\/","article_modified_time":"2024-03-21T12:41:17+00:00","og_image":[{"width":2500,"height":1875,"url":"https:\/\/www.fotospace.pt\/wp-content\/uploads\/2019\/07\/20190715-_7504074qd.jpg","type":"image\/jpeg"}],"twitter_card":"summary_large_image","twitter_misc":{"Estimated reading time":"1 minute"},"schema":{"@context":"https:\/\/schema.org","@graph":[{"@type":"WebPage","@id":"https:\/\/www.fotospace.pt\/product\/aluguer-de-estudio\/","url":"https:\/\/www.fotospace.pt\/product\/aluguer-de-estudio\/","name":"Aluguer de Est\u00fadio - Foto Space","isPartOf":{"@id":"https:\/\/www.fotospace.pt\/eng\/#website"},"primaryImageOfPage":{"@id":"https:\/\/www.fotospace.pt\/product\/aluguer-de-estudio\/#primaryimage"},"image":{"@id":"https:\/\/www.fotospace.pt\/product\/aluguer-de-estudio\/#primaryimage"},"thumbnailUrl":"https:\/\/www.fotospace.pt\/wp-content\/uploads\/2019\/07\/20190715-_7504074qd.jpg","datePublished":"2023-10-11T13:41:04+00:00","dateModified":"2024-03-21T12:41:17+00:00","description":"Aluguer de est\u00fadio fotogr\u00e1fico em Lisboa, Benfica. Espa\u00e7o amplo e equipamento topo de gama Profoto com diversos modeladores de luz e acess\u00f3rios.","breadcrumb":{"@id":"https:\/\/www.fotospace.pt\/product\/aluguer-de-estudio\/#breadcrumb"},"inLanguage":"en-GB","potentialAction":[{"@type":"ReadAction","target":["https:\/\/www.fotospace.pt\/product\/aluguer-de-estudio\/"]}]},{"@type":"ImageObject","inLanguage":"en-GB","@id":"https:\/\/www.fotospace.pt\/product\/aluguer-de-estudio\/#primaryimage","url":"https:\/\/www.fotospace.pt\/wp-content\/uploads\/2019\/07\/20190715-_7504074qd.jpg","contentUrl":"https:\/\/www.fotospace.pt\/wp-content\/uploads\/2019\/07\/20190715-_7504074qd.jpg","width":2500,"height":1875,"caption":"Foto Space - aluguer de est\u00fadio fotogr\u00e1fico em Lisboa e workshops de fotografia"},{"@type":"BreadcrumbList","@id":"https:\/\/www.fotospace.pt\/product\/aluguer-de-estudio\/#breadcrumb","itemListElement":[{"@type":"ListItem","position":1,"name":"Home","item":"https:\/\/www.fotospace.pt\/"},{"@type":"ListItem","position":2,"name":"Shop","item":"https:\/\/www.fotospace.pt\/shop\/"},{"@type":"ListItem","position":3,"name":"Aluguer de Est\u00fadio"}]},{"@type":"WebSite","@id":"https:\/\/www.fotospace.pt\/eng\/#website","url":"https:\/\/www.fotospace.pt\/eng\/","name":"Foto Space","description":"Aluguer de est\u00fadio fotogr\u00e1fico e workshops em Lisboa","potentialAction":[{"@type":"SearchAction","target":{"@type":"EntryPoint","urlTemplate":"https:\/\/www.fotospace.pt\/eng\/?s={search_term_string}"},"query-input":{"@type":"PropertyValueSpecification","valueRequired":true,"valueName":"search_term_string"}}],"inLanguage":"en-GB"}]}},"_links":{"self":[{"href":"https:\/\/www.fotospace.pt\/en\/wp-json\/wp\/v2\/product\/22333","targetHints":{"allow":["GET"]}}],"collection":[{"href":"https:\/\/www.fotospace.pt\/en\/wp-json\/wp\/v2\/product"}],"about":[{"href":"https:\/\/www.fotospace.pt\/en\/wp-json\/wp\/v2\/types\/product"}],"wp:featuredmedia":[{"embeddable":true,"href":"https:\/\/www.fotospace.pt\/en\/wp-json\/wp\/v2\/media\/22178"}],"wp:attachment":[{"href":"https:\/\/www.fotospace.pt\/en\/wp-json\/wp\/v2\/media?parent=22333"}],"wp:term":[{"taxonomy":"product_brand","embeddable":true,"href":"https:\/\/www.fotospace.pt\/en\/wp-json\/wp\/v2\/product_brand?post=22333"},{"taxonomy":"product_cat","embeddable":true,"href":"https:\/\/www.fotospace.pt\/en\/wp-json\/wp\/v2\/product_cat?post=22333"},{"taxonomy":"product_tag","embeddable":true,"href":"https:\/\/www.fotospace.pt\/en\/wp-json\/wp\/v2\/product_tag?post=22333"}],"curies":[{"name":"wp","href":"https:\/\/api.w.org\/{rel}","templated":true}]}}