{"id":19080,"date":"2014-06-03T08:07:04","date_gmt":"2014-06-03T08:07:04","guid":{"rendered":"http:\/\/demo.select-themes.com\/stockholm1\/?page_id=19080"},"modified":"2019-07-23T20:28:38","modified_gmt":"2019-07-23T20:28:38","slug":"servicos-adicionais","status":"publish","type":"page","link":"https:\/\/www.fotospace.pt\/en\/servicos-adicionais\/","title":{"rendered":"Servi\u00e7os Adicionais"},"content":{"rendered":"<div     class=\"vc_row wpb_row section vc_row-fluid vc_custom_1486867327529\" style=' padding-top:60px; padding-bottom:60px; text-align:left;'><div class=\"full_section_inner clearfix\"><div class=\"wpb_column vc_column_container vc_col-sm-12\"><div class=\"vc_column-inner\"><div class=\"wpb_wrapper\"><div     class=\"vc_row wpb_row vc_inner section vc_row-fluid grid_section\" style=' text-align:left;'><div class=\"section_inner clearfix\"><div class='section_inner_margin clearfix'><div class=\"wpb_column vc_column_container vc_col-sm-3 vc_col-has-fill\"><div class=\"vc_column-inner vc_custom_1487120367499\"><div class=\"wpb_wrapper\">\n\t<div class=\"wpb_text_column wpb_content_element  vc_custom_1487119800337\">\n\t\t<div class=\"wpb_wrapper\">\n\t\t\t<h4 style=\"text-align: center; color: #fff; font-size: 18px;\"><strong>Making-Of V\u00eddeo<\/strong><\/h4>\n\n\t\t<\/div> \n\t<\/div> \n\t<div class=\"wpb_single_image wpb_content_element vc_align_center  vc_custom_1486771999330\">\n\t\t<div class=\"wpb_wrapper\">\n\t\t\t\n\t\t\t<div class=\"vc_single_image-wrapper   vc_box_border_grey\"><img loading=\"lazy\" decoding=\"async\" width=\"78\" height=\"78\" src=\"https:\/\/www.fotospace.pt\/wp-content\/uploads\/2014\/06\/making.jpg\" class=\"vc_single_image-img attachment-full\" alt=\"\" \/><\/div>\n\t\t<\/div>\n\t<\/div>\n\n\t<div class=\"wpb_text_column wpb_content_element  vc_custom_1486774770958\">\n\t\t<div class=\"wpb_wrapper\">\n\t\t\t<p style=\"text-align: center; color: #666; font-size: 16px;\">V\u00eddeo de 2 a 3 minutos<\/p>\n\n\t\t<\/div> \n\t<\/div> <div class=\"separator  small center\" style=\"border-color: #666666;width:180px;margin-top:20px;margin-bottom:20px;border-style: solid\"><\/div>\n\n\t<div class=\"wpb_text_column wpb_content_element  vc_custom_1486774786844\">\n\t\t<div class=\"wpb_wrapper\">\n\t\t\t<p style=\"text-align: center; color: #666; font-size: 16px;\">Capta\u00e7\u00e3o e edi\u00e7\u00e3o Full HD<\/p>\n\n\t\t<\/div> \n\t<\/div> <div class=\"separator  small center\" style=\"border-color: #666666;width:180px;margin-top:20px;margin-bottom:20px;border-style: solid\"><\/div>\n\n\t<div class=\"wpb_text_column wpb_content_element  vc_custom_1486774803594\">\n\t\t<div class=\"wpb_wrapper\">\n\t\t\t<p style=\"text-align: center; color: #666; font-size: 16px;\">At\u00e9 2 horas: 90\u20ac<br \/>\nAt\u00e9 4 horas: 160\u20ac<br \/>\nAt\u00e9 8 horas: 280\u20ac<\/p>\n\n\t\t<\/div> \n\t<\/div> <div class=\"separator  transparent\" style=\"border-width:1px;margin-bottom:20pxpx\"><\/div>\n<\/div><\/div><\/div><div class=\"wpb_column vc_column_container vc_col-sm-3 vc_col-has-fill\"><div class=\"vc_column-inner vc_custom_1487120516211\"><div class=\"wpb_wrapper\">\n\t<div class=\"wpb_text_column wpb_content_element  vc_custom_1487118805538\">\n\t\t<div class=\"wpb_wrapper\">\n\t\t\t<h4 style=\"text-align: center; color: #fff; font-size: 18px;\"><strong>Making-Of Fotografia<\/strong><\/h4>\n\n\t\t<\/div> \n\t<\/div> \n\t<div class=\"wpb_single_image wpb_content_element vc_align_center  vc_custom_1486776674757\">\n\t\t<div class=\"wpb_wrapper\">\n\t\t\t\n\t\t\t<div class=\"vc_single_image-wrapper   vc_box_border_grey\"><img loading=\"lazy\" decoding=\"async\" width=\"68\" height=\"68\" src=\"https:\/\/www.fotospace.pt\/wp-content\/uploads\/2014\/06\/making1.jpg\" class=\"vc_single_image-img attachment-full\" alt=\"\" \/><\/div>\n\t\t<\/div>\n\t<\/div>\n\n\t<div class=\"wpb_text_column wpb_content_element  vc_custom_1487119905590\">\n\t\t<div class=\"wpb_wrapper\">\n\t\t\t<p style=\"text-align: center; color: #666; font-size: 16px;\">Reportagem fotogr\u00e1fica<br \/>\nda sess\u00e3o. Inclui edi\u00e7\u00e3o e<br \/>\ntratamento das fotos<\/p>\n\n\t\t<\/div> \n\t<\/div> <div class=\"separator  small center\" style=\"border-color: #666666;width:180px;margin-top:20px;margin-bottom:20px;border-style: solid\"><\/div>\n\n\t<div class=\"wpb_text_column wpb_content_element  vc_custom_1486775520812\">\n\t\t<div class=\"wpb_wrapper\">\n\t\t\t<p style=\"text-align: center; color: #666; font-size: 16px;\">At\u00e9 2 horas: 70\u20ac<br \/>\nAt\u00e9 4 horas: 120\u20ac<br \/>\nAt\u00e9 8 horas: 200\u20ac<\/p>\n\n\t\t<\/div> \n\t<\/div> <div class=\"separator  transparent\" style=\"border-width:1px;margin-bottom:20pxpx\"><\/div>\n<\/div><\/div><\/div><div class=\"wpb_column vc_column_container vc_col-sm-3 vc_col-has-fill\"><div class=\"vc_column-inner vc_custom_1487120534087\"><div class=\"wpb_wrapper\">\n\t<div class=\"wpb_text_column wpb_content_element  vc_custom_1487120076502\">\n\t\t<div class=\"wpb_wrapper\">\n\t\t\t<h4 style=\"text-align: center; color: #fff; font-size: 18px;\"><strong>V\u00eddeo Timelapse<\/strong><\/h4>\n\n\t\t<\/div> \n\t<\/div> \n\t<div class=\"wpb_single_image wpb_content_element vc_align_center  vc_custom_1486776696331\">\n\t\t<div class=\"wpb_wrapper\">\n\t\t\t\n\t\t\t<div class=\"vc_single_image-wrapper   vc_box_border_grey\"><img loading=\"lazy\" decoding=\"async\" width=\"67\" height=\"67\" src=\"https:\/\/www.fotospace.pt\/wp-content\/uploads\/2014\/06\/timelapse.jpg\" class=\"vc_single_image-img attachment-full\" alt=\"\" \/><\/div>\n\t\t<\/div>\n\t<\/div>\n\n\t<div class=\"wpb_text_column wpb_content_element  vc_custom_1486775491853\">\n\t\t<div class=\"wpb_wrapper\">\n\t\t\t<p style=\"text-align: center; color: #666; font-size: 16px;\">V\u00eddeo de 1&nbsp;a 3 minutos<\/p>\n\n\t\t<\/div> \n\t<\/div> <div class=\"separator  small center\" style=\"border-color: #666666;width:180px;margin-top:20px;margin-bottom:20px;border-style: solid\"><\/div>\n\n\t<div class=\"wpb_text_column wpb_content_element  vc_custom_1486774786844\">\n\t\t<div class=\"wpb_wrapper\">\n\t\t\t<p style=\"text-align: center; color: #666; font-size: 16px;\">Capta\u00e7\u00e3o e edi\u00e7\u00e3o Full HD<\/p>\n\n\t\t<\/div> \n\t<\/div> <div class=\"separator  small center\" style=\"border-color: #666666;width:180px;margin-top:20px;margin-bottom:20px;border-style: solid\"><\/div>\n\n\t<div class=\"wpb_text_column wpb_content_element  vc_custom_1486775539452\">\n\t\t<div class=\"wpb_wrapper\">\n\t\t\t<p style=\"text-align: center; color: #666; font-size: 16px;\">At\u00e9 2 horas: 50\u20ac<br \/>\nAt\u00e9 4 horas: 70\u20ac<br \/>\nAt\u00e9 8 horas: 100\u20ac<\/p>\n\n\t\t<\/div> \n\t<\/div> <div class=\"separator  transparent\" style=\"border-width:1px;margin-bottom:20pxpx\"><\/div>\n<\/div><\/div><\/div><div class=\"wpb_column vc_column_container vc_col-sm-3 vc_col-has-fill\"><div class=\"vc_column-inner vc_custom_1487120380178\"><div class=\"wpb_wrapper\">\n\t<div class=\"wpb_text_column wpb_content_element  vc_custom_1487120181001\">\n\t\t<div class=\"wpb_wrapper\">\n\t\t\t<h4 style=\"text-align: center; color: #fff; font-size: 18px;\"><strong>Equipamento<\/strong><\/h4>\n\n\t\t<\/div> \n\t<\/div> \n\t<div class=\"wpb_single_image wpb_content_element vc_align_center  vc_custom_1486776715265\">\n\t\t<div class=\"wpb_wrapper\">\n\t\t\t\n\t\t\t<div class=\"vc_single_image-wrapper   vc_box_border_grey\"><img loading=\"lazy\" decoding=\"async\" width=\"67\" height=\"67\" src=\"https:\/\/www.fotospace.pt\/wp-content\/uploads\/2014\/06\/equipamento.jpg\" class=\"vc_single_image-img attachment-full\" alt=\"\" \/><\/div>\n\t\t<\/div>\n\t<\/div>\n\n\t<div class=\"wpb_text_column wpb_content_element  vc_custom_1510591042890\">\n\t\t<div class=\"wpb_wrapper\">\n\t\t\t<p style=\"text-align: center; color: #666; font-size: 16px;\">Camera Nikon D300<br \/>\ncom lente Nikkor 50mm<br \/>\n15\u20ac por hora<\/p>\n\n\t\t<\/div> \n\t<\/div> <div class=\"separator  small center\" style=\"border-color: #666666;width:180px;margin-top:20px;margin-bottom:20px;border-style: solid\"><\/div>\n\n\t<div class=\"wpb_text_column wpb_content_element  vc_custom_1510590790932\">\n\t\t<div class=\"wpb_wrapper\">\n\t\t\t<p style=\"text-align: center; color: #666; font-size: 16px;\">Trip\u00e9 Manfrotto<br \/>\n8\u20ac por hora<\/p>\n\n\t\t<\/div> \n\t<\/div> <div class=\"separator  small center\" style=\"border-color: #666666;width:180px;margin-top:20px;margin-bottom:20px;border-style: solid\"><\/div>\n\n\t<div class=\"wpb_text_column wpb_content_element  vc_custom_1510591067898\">\n\t\t<div class=\"wpb_wrapper\">\n\t\t\t<p style=\"text-align: center; color: #666; font-size: 16px;\">Mesa para fotografia<br \/>\nde produto<br \/>\n10\u20ac por hora<\/p>\n\n\t\t<\/div> \n\t<\/div> <div class=\"separator  transparent\" style=\"border-width:1px;margin-bottom:20pxpx\"><\/div>\n<\/div><\/div><\/div><\/div><\/div><\/div><\/div><\/div><\/div><\/div><\/div><div     class=\"vc_row wpb_row section vc_row-fluid  grid_section\" style='background-color:#ffffff; padding-bottom:60px; text-align:left;'><div class=\"section_inner clearfix\"><div class='section_inner_margin clearfix'><div class=\"wpb_column vc_column_container vc_col-sm-12\"><div class=\"vc_column-inner\"><div class=\"wpb_wrapper\">\n\t<div class=\"wpb_text_column wpb_content_element\">\n\t\t<div class=\"wpb_wrapper\">\n\t\t\t<p style=\"text-align: center;\">Caso deseje adicionar um destes servi\u00e7os ao seu aluguer, deve colocar essa informa\u00e7\u00e3o no formul\u00e1rio de reserva, para que no dia da sess\u00e3o possamos ter o equipamento dispon\u00edvel e preparado. Aos valores acima apresentados acresce o IVA \u00e0 taxa legal.<\/p>\n\n\t\t<\/div> \n\t<\/div> <\/div><\/div><\/div><\/div><\/div><\/div>","protected":false},"excerpt":{"rendered":"Making-Of V\u00eddeo V\u00eddeo de 2 a 3 minutos Capta\u00e7\u00e3o e edi\u00e7\u00e3o Full HD At\u00e9 2 horas: 90\u20ac At\u00e9 4 horas: 160\u20ac At\u00e9 8 horas: 280\u20ac Making-Of Fotografia Reportagem fotogr\u00e1fica da sess\u00e3o. Inclui edi\u00e7\u00e3o e tratamento das fotos At\u00e9 2 horas: 70\u20ac At\u00e9 4 horas: 120\u20ac...","protected":false},"author":1997,"featured_media":0,"parent":0,"menu_order":0,"comment_status":"open","ping_status":"open","template":"full_width.php","meta":{"_exactmetrics_skip_tracking":false,"_exactmetrics_sitenote_active":false,"_exactmetrics_sitenote_note":"","_exactmetrics_sitenote_category":0,"footnotes":""},"class_list":["post-19080","page","type-page","status-publish","hentry"],"yoast_head":"<!-- This site is optimized with the Yoast SEO plugin v27.6 - https:\/\/yoast.com\/product\/yoast-seo-wordpress\/ -->\n<title>Servi\u00e7os Adicionais | Foto Space | Aluguer de Est\u00fadio de Fotografia<\/title>\n<meta name=\"description\" content=\"Servi\u00e7os adicionais do Foto Space | Aluguer de Est\u00fadio de Fotografia - Making of em v\u00eddeo, fotografia, e time-lapse. Aluguer de equipamento fotogr\u00e1fico.\" \/>\n<meta name=\"robots\" content=\"index, follow, max-snippet:-1, max-image-preview:large, max-video-preview:-1\" \/>\n<link rel=\"canonical\" href=\"https:\/\/www.fotospace.pt\/en\/eng\/servicos-adicionais\/\" \/>\n<meta property=\"og:locale\" content=\"en_GB\" \/>\n<meta property=\"og:type\" content=\"article\" \/>\n<meta property=\"og:title\" content=\"Servi\u00e7os Adicionais | Foto Space | Aluguer de Est\u00fadio de Fotografia\" \/>\n<meta property=\"og:description\" content=\"Servi\u00e7os adicionais do Foto Space | Aluguer de Est\u00fadio de Fotografia - Making of em v\u00eddeo, fotografia, e time-lapse. Aluguer de equipamento fotogr\u00e1fico.\" \/>\n<meta property=\"og:url\" content=\"https:\/\/www.fotospace.pt\/en\/eng\/servicos-adicionais\/\" \/>\n<meta property=\"og:site_name\" content=\"Foto Space\" \/>\n<meta property=\"article:publisher\" content=\"https:\/\/www.facebook.com\/fotospace\/\" \/>\n<meta property=\"article:modified_time\" content=\"2019-07-23T20:28:38+00:00\" \/>\n<meta name=\"twitter:card\" content=\"summary_large_image\" \/>\n<meta name=\"twitter:label1\" content=\"Estimated reading time\" \/>\n\t<meta name=\"twitter:data1\" content=\"4 minutes\" \/>\n<script type=\"application\/ld+json\" class=\"yoast-schema-graph\">{\"@context\":\"https:\\\/\\\/schema.org\",\"@graph\":[{\"@type\":\"WebPage\",\"@id\":\"https:\\\/\\\/www.fotospace.pt\\\/eng\\\/servicos-adicionais\\\/\",\"url\":\"https:\\\/\\\/www.fotospace.pt\\\/eng\\\/servicos-adicionais\\\/\",\"name\":\"Servi\u00e7os Adicionais | Foto Space | Aluguer de Est\u00fadio de Fotografia\",\"isPartOf\":{\"@id\":\"https:\\\/\\\/www.fotospace.pt\\\/eng\\\/#website\"},\"datePublished\":\"2014-06-03T08:07:04+00:00\",\"dateModified\":\"2019-07-23T20:28:38+00:00\",\"description\":\"Servi\u00e7os adicionais do Foto Space | Aluguer de Est\u00fadio de Fotografia - Making of em v\u00eddeo, fotografia, e time-lapse. Aluguer de equipamento fotogr\u00e1fico.\",\"breadcrumb\":{\"@id\":\"https:\\\/\\\/www.fotospace.pt\\\/eng\\\/servicos-adicionais\\\/#breadcrumb\"},\"inLanguage\":\"en-GB\",\"potentialAction\":[{\"@type\":\"ReadAction\",\"target\":[\"https:\\\/\\\/www.fotospace.pt\\\/eng\\\/servicos-adicionais\\\/\"]}]},{\"@type\":\"BreadcrumbList\",\"@id\":\"https:\\\/\\\/www.fotospace.pt\\\/eng\\\/servicos-adicionais\\\/#breadcrumb\",\"itemListElement\":[{\"@type\":\"ListItem\",\"position\":1,\"name\":\"Home\",\"item\":\"https:\\\/\\\/www.fotospace.pt\\\/\"},{\"@type\":\"ListItem\",\"position\":2,\"name\":\"Servi\u00e7os Adicionais\"}]},{\"@type\":\"WebSite\",\"@id\":\"https:\\\/\\\/www.fotospace.pt\\\/eng\\\/#website\",\"url\":\"https:\\\/\\\/www.fotospace.pt\\\/eng\\\/\",\"name\":\"Foto Space\",\"description\":\"Aluguer de est\u00fadio fotogr\u00e1fico e workshops em Lisboa\",\"potentialAction\":[{\"@type\":\"SearchAction\",\"target\":{\"@type\":\"EntryPoint\",\"urlTemplate\":\"https:\\\/\\\/www.fotospace.pt\\\/eng\\\/?s={search_term_string}\"},\"query-input\":{\"@type\":\"PropertyValueSpecification\",\"valueRequired\":true,\"valueName\":\"search_term_string\"}}],\"inLanguage\":\"en-GB\"}]}<\/script>\n<!-- \/ Yoast SEO plugin. -->","yoast_head_json":{"title":"Servi\u00e7os Adicionais | Foto Space | Aluguer de Est\u00fadio de Fotografia","description":"Servi\u00e7os adicionais do Foto Space | Aluguer de Est\u00fadio de Fotografia - Making of em v\u00eddeo, fotografia, e time-lapse. Aluguer de equipamento fotogr\u00e1fico.","robots":{"index":"index","follow":"follow","max-snippet":"max-snippet:-1","max-image-preview":"max-image-preview:large","max-video-preview":"max-video-preview:-1"},"canonical":"https:\/\/www.fotospace.pt\/en\/eng\/servicos-adicionais\/","og_locale":"en_GB","og_type":"article","og_title":"Servi\u00e7os Adicionais | Foto Space | Aluguer de Est\u00fadio de Fotografia","og_description":"Servi\u00e7os adicionais do Foto Space | Aluguer de Est\u00fadio de Fotografia - Making of em v\u00eddeo, fotografia, e time-lapse. Aluguer de equipamento fotogr\u00e1fico.","og_url":"https:\/\/www.fotospace.pt\/en\/eng\/servicos-adicionais\/","og_site_name":"Foto Space","article_publisher":"https:\/\/www.facebook.com\/fotospace\/","article_modified_time":"2019-07-23T20:28:38+00:00","twitter_card":"summary_large_image","twitter_misc":{"Estimated reading time":"4 minutes"},"schema":{"@context":"https:\/\/schema.org","@graph":[{"@type":"WebPage","@id":"https:\/\/www.fotospace.pt\/eng\/servicos-adicionais\/","url":"https:\/\/www.fotospace.pt\/eng\/servicos-adicionais\/","name":"Servi\u00e7os Adicionais | Foto Space | Aluguer de Est\u00fadio de Fotografia","isPartOf":{"@id":"https:\/\/www.fotospace.pt\/eng\/#website"},"datePublished":"2014-06-03T08:07:04+00:00","dateModified":"2019-07-23T20:28:38+00:00","description":"Servi\u00e7os adicionais do Foto Space | Aluguer de Est\u00fadio de Fotografia - Making of em v\u00eddeo, fotografia, e time-lapse. Aluguer de equipamento fotogr\u00e1fico.","breadcrumb":{"@id":"https:\/\/www.fotospace.pt\/eng\/servicos-adicionais\/#breadcrumb"},"inLanguage":"en-GB","potentialAction":[{"@type":"ReadAction","target":["https:\/\/www.fotospace.pt\/eng\/servicos-adicionais\/"]}]},{"@type":"BreadcrumbList","@id":"https:\/\/www.fotospace.pt\/eng\/servicos-adicionais\/#breadcrumb","itemListElement":[{"@type":"ListItem","position":1,"name":"Home","item":"https:\/\/www.fotospace.pt\/"},{"@type":"ListItem","position":2,"name":"Servi\u00e7os Adicionais"}]},{"@type":"WebSite","@id":"https:\/\/www.fotospace.pt\/eng\/#website","url":"https:\/\/www.fotospace.pt\/eng\/","name":"Foto Space","description":"Aluguer de est\u00fadio fotogr\u00e1fico e workshops em Lisboa","potentialAction":[{"@type":"SearchAction","target":{"@type":"EntryPoint","urlTemplate":"https:\/\/www.fotospace.pt\/eng\/?s={search_term_string}"},"query-input":{"@type":"PropertyValueSpecification","valueRequired":true,"valueName":"search_term_string"}}],"inLanguage":"en-GB"}]}},"_links":{"self":[{"href":"https:\/\/www.fotospace.pt\/en\/wp-json\/wp\/v2\/pages\/19080","targetHints":{"allow":["GET"]}}],"collection":[{"href":"https:\/\/www.fotospace.pt\/en\/wp-json\/wp\/v2\/pages"}],"about":[{"href":"https:\/\/www.fotospace.pt\/en\/wp-json\/wp\/v2\/types\/page"}],"author":[{"embeddable":true,"href":"https:\/\/www.fotospace.pt\/en\/wp-json\/wp\/v2\/users\/1997"}],"replies":[{"embeddable":true,"href":"https:\/\/www.fotospace.pt\/en\/wp-json\/wp\/v2\/comments?post=19080"}],"version-history":[{"count":63,"href":"https:\/\/www.fotospace.pt\/en\/wp-json\/wp\/v2\/pages\/19080\/revisions"}],"predecessor-version":[{"id":22153,"href":"https:\/\/www.fotospace.pt\/en\/wp-json\/wp\/v2\/pages\/19080\/revisions\/22153"}],"wp:attachment":[{"href":"https:\/\/www.fotospace.pt\/en\/wp-json\/wp\/v2\/media?parent=19080"}],"curies":[{"name":"wp","href":"https:\/\/api.w.org\/{rel}","templated":true}]}}