{"id":18918,"date":"2014-06-02T11:17:04","date_gmt":"2014-06-02T11:17:04","guid":{"rendered":"http:\/\/demo.select-themes.com\/stockholm1\/?page_id=18918"},"modified":"2024-04-11T10:37:09","modified_gmt":"2024-04-11T10:37:09","slug":"contactos","status":"publish","type":"page","link":"https:\/\/www.fotospace.pt\/en\/contactos\/","title":{"rendered":"Contactos"},"content":{"rendered":"<div     class=\"vc_row wpb_row section vc_row-fluid  grid_section\" style='background-color:#ffffff; padding-top:100px; padding-bottom:30px; text-align:left;'><div class=\"section_inner clearfix\"><div class='section_inner_margin clearfix'><div class=\"wpb_column vc_column_container vc_col-sm-3\"><div class=\"vc_column-inner\"><div class=\"wpb_wrapper\"><div class='q_icon_with_title  circle'><div class=\"icon_holder\" style=\" \"><div class=\"icon_holder_inner\"><span class=\"q_font_elegant_holder circle  custom-font\" style=\"font-size: 25px;\"><span class=\"icon_text_icon q_font_elegant_icon icon_pin_alt\" aria-hidden=\"true\" style=\"font-size: 25px;\"><\/span><\/span><\/div><\/div><div class=\"icon_text_holder\" style=\"padding-left: 86px\"><div class=\"icon_text_inner\" style=\"\"><h4 class=\"icon_title\" style=\"\">MORADA<\/h4><p style=''>Rua das Pedralvas 5A 1500-487 Lisboa<\/p><\/div><\/div><\/div><div class=\"separator  transparent\" style=\"margin-top:40px\"><\/div>\n<\/div><\/div><\/div><div class=\"wpb_column vc_column_container vc_col-sm-3\"><div class=\"vc_column-inner\"><div class=\"wpb_wrapper\"><div class='q_icon_with_title  circle'><div class=\"icon_holder\" style=\" \"><div class=\"icon_holder_inner\"><span class=\"q_font_elegant_holder circle  custom-font\" style=\"font-size: 25px;\"><span class=\"icon_text_icon q_font_elegant_icon icon_mail_alt\" aria-hidden=\"true\" style=\"font-size: 25px;\"><\/span><\/span><\/div><\/div><div class=\"icon_text_holder\" style=\"padding-left: 86px\"><div class=\"icon_text_inner\" style=\"\"><h4 class=\"icon_title\" style=\"\">E-MAIL<\/h4><p style=''>geral@fotospace.pt<\/p><\/div><\/div><\/div><div class=\"separator  transparent\" style=\"margin-top:40px\"><\/div>\n<\/div><\/div><\/div><div class=\"wpb_column vc_column_container vc_col-sm-3\"><div class=\"vc_column-inner\"><div class=\"wpb_wrapper\"><div class='q_icon_with_title  circle'><div class=\"icon_holder\" style=\" \"><div class=\"icon_holder_inner\"><span class=\"q_font_elegant_holder circle  custom-font\" style=\"font-size: 25px;\"><span class=\"icon_text_icon q_font_elegant_icon icon_phone\" aria-hidden=\"true\" style=\"font-size: 25px;\"><\/span><\/span><\/div><\/div><div class=\"icon_text_holder\" style=\"padding-left: 86px\"><div class=\"icon_text_inner\" style=\"\"><h4 class=\"icon_title\" style=\"\">WhatsApp<\/h4><p style=''><\/p><a class='icon_with_title_link' href='https:\/\/wa.me\/351\u202d211606330\u202c' target='_self' style=''>\u202d211 606 330\u202c<\/a><\/div><\/div><\/div><div class=\"separator  transparent\" style=\"margin-top:40px\"><\/div>\n<\/div><\/div><\/div><div class=\"wpb_column vc_column_container vc_col-sm-3\"><div class=\"vc_column-inner\"><div class=\"wpb_wrapper\"><div class='q_icon_with_title  circle'><div class=\"icon_holder\" style=\" \"><div class=\"icon_holder_inner\"><span class=\"q_font_elegant_holder circle  custom-font\" style=\"font-size: 25px;\"><span class=\"icon_text_icon q_font_elegant_icon social_facebook\" aria-hidden=\"true\" style=\"font-size: 25px;\"><\/span><\/span><\/div><\/div><div class=\"icon_text_holder\" style=\"padding-left: 86px\"><div class=\"icon_text_inner\" style=\"\"><h4 class=\"icon_title\" style=\"\">Facebook<\/h4><p style=''><\/p><a class='icon_with_title_link' href='http:\/\/m.me\/fotospace\/' target='_self' style=''>Messenger<\/a><\/div><\/div><\/div><div class=\"separator  transparent\" style=\"margin-top:40px\"><\/div>\n<\/div><\/div><\/div><\/div><\/div><\/div><div     class=\"vc_row wpb_row section vc_row-fluid\" style=' text-align:left;'><div class=\"full_section_inner clearfix\"><div class=\"wpb_column vc_column_container vc_col-sm-12\"><div class=\"vc_column-inner\"><div class=\"wpb_wrapper\"><div     class=\"vc_row wpb_row vc_inner section vc_row-fluid grid_section\" style=' padding-top:60px; padding-bottom:40px; text-align:left;'><div class=\"section_inner clearfix\"><div class='section_inner_margin clearfix'><div class=\"wpb_column vc_column_container vc_col-sm-12\"><div class=\"vc_column-inner\"><div class=\"wpb_wrapper\">\n\t<div class=\"wpb_text_column wpb_content_element\">\n\t\t<div class=\"wpb_wrapper\">\n\t\t\t<h3>Contacte-nos<\/h3>\n\n\t\t<\/div> \n\t<\/div> <\/div><\/div><\/div><\/div><\/div><\/div><div     class=\"vc_row wpb_row vc_inner section vc_row-fluid grid_section\" style=' padding-bottom:60px; text-align:left;'><div class=\"section_inner clearfix\"><div class='section_inner_margin clearfix'><div class=\"wpb_column vc_column_container vc_col-sm-12\"><div class=\"vc_column-inner\"><div class=\"wpb_wrapper\">\n\t<div class=\"wpb_text_column wpb_content_element\">\n\t\t<div class=\"wpb_wrapper\">\n\t\t\t<div id=\"iphorm-outer-69f5eda5461c1\" class=\"iphorm-outer iphorm-outer-3 iphorm-uniform-theme-default iphorm-theme-light-light iphorm-responsive\" >\n    <script type=\"text\/javascript\">\n        jQuery(document).ready(function($) {\n                        $('#iphorm-69f5eda5461c1').iPhorm({\"id\":3,\"uniqueId\":\"69f5eda5461c1\",\"useAjax\":true,\"successMessageTimeout\":10,\"resetFormValues\":\"\",\"clElementIds\":[],\"clDependentElementIds\":[],\"centerFancybox\":true,\"centerFancyboxSpeed\":true});\n                        if ($.isFunction($.fn.qtip)) {\n                $('.iphorm-tooltip-hover', iPhorm.instance.$form).qtip({\n                    style: {\n                        classes: 'qtip-plain qtip-shadow'\n                    },\n                    position: {\n                        my: 'left center',\n                        at: 'right center'\n                    }\n                });\n                $('.iphorm-tooltip-click', iPhorm.instance.$form).qtip({\n                    style: {\n                        classes: 'qtip-plain qtip-shadow'\n                    },\n                    position: {\n                        my: 'left center',\n                        at: 'right center'\n                    },\n                    show: {\n                        event: 'focus'\n                    },\n                    hide: {\n                        event: 'unfocus'\n                    }\n                });\n                $('.iphorm-tooltip-icon-hover', iPhorm.instance.$form).qtip({\n                    style: {\n                        classes: 'qtip-plain qtip-shadow'\n                    },\n                    position: {\n                        my: 'left center',\n                        at: 'right center'\n                    },\n                    content: {\n                        text: function (api) {\n                            return $(this).find('.iphorm-tooltip-icon-content').html();\n                        }\n                    }\n                });\n                $('.iphorm-tooltip-icon-click', iPhorm.instance.$form).qtip({\n                    style: {\n                        classes: 'qtip-plain qtip-shadow'\n                    },\n                    position: {\n                        my: 'left center',\n                        at: 'right center'\n                    },\n                    show: {\n                        event: 'click'\n                    },\n                    hide: {\n                        event: 'unfocus'\n                    },\n                    content: {\n                        text: function (api) {\n                            return $(this).find('.iphorm-tooltip-icon-content').html();\n                        }\n                    }\n                });\n                $('.iphorm-labels-inside > .iphorm-element-spacer > label').hover(function () {\n                    $(this).siblings('.iphorm-input-wrap').find('.iphorm-tooltip-hover').qtip('show');\n                }, function () {\n                    $(this).siblings('.iphorm-input-wrap').find('.iphorm-tooltip-hover').qtip('hide');\n                });\n            }\n                                    if ($.isFunction($.fn.uniform)) {\n                $('select, input:checkbox, input:radio', iPhorm.instance.$form).uniform({context: iPhorm.instance.$form, selectAutoWidth: false});\n            }\n                        if ($.isFunction($.fn.inFieldLabels)) {\n                $('.iphorm-labels-inside:not(.iphorm-element-wrap-recaptcha) > .iphorm-element-spacer > label', iPhorm.instance.$form).inFieldLabels();\n            }\n                        $('.iphorm-group-row > div:last-child:not(:first-child)', iPhorm.instance.$form).add('.iphorm-group-row:last-child', iPhorm.instance.$form).addClass('last-child');\n                    });\n    <\/script>\n    <form id=\"iphorm-69f5eda5461c1\" class=\"iphorm iphorm-form-3\" action=\"\/en\/wp-json\/wp\/v2\/pages\/18918#iphorm-69f5eda5461c1\" method=\"post\" enctype=\"multipart\/form-data\" novalidate=\"novalidate\" data-trp-original-action=\"\/en\/wp-json\/wp\/v2\/pages\/18918#iphorm-69f5eda5461c1\">\n        <div class=\"iphorm-inner iphorm-inner-3\" >\n            <input type=\"hidden\" name=\"iphorm_id\" value=\"3\" \/>\n            <input type=\"hidden\" name=\"iphorm_uid\" value=\"69f5eda5461c1\" \/>\n            <input type=\"hidden\" name=\"form_url\" value=\"https:\/\/www.fotospace.pt\/en\/wp-json\/wp\/v2\/pages\/18918\" \/>\n            <input type=\"hidden\" name=\"referring_url\" value=\"\" \/>\n            <input type=\"hidden\" name=\"post_id\" value=\"\" \/>\n            <input type=\"hidden\" name=\"post_title\" value=\"\" \/>\n                                                                        <div class=\"iphorm-success-message iphorm-hidden\" ><\/div>\n                                        <div class=\"iphorm-elements iphorm-elements-3 iphorm-clearfix\" >\n                <div class=\"iphorm-group-wrap iphorm_3_1-group-wrap iphorm-clearfix iphorm-labels-above iphorm-group-style-plain iphorm-group-alignment-proportional\" >\n    <div class=\"iphorm-group-elements\" >\n                <div class=\"iphorm-group-row iphorm-clearfix iphorm-group-row-1cols\"><div class=\"iphorm-group-wrap iphorm_3_20-group-wrap iphorm-clearfix iphorm-labels-above iphorm-group-style-plain iphorm-group-alignment-proportional\" >\n    <div class=\"iphorm-group-elements\" >\n                <div class=\"iphorm-group-row iphorm-clearfix iphorm-group-row-2cols\"><div class=\"iphorm-element-wrap iphorm-element-wrap-text iphorm_3_4-element-wrap iphorm-clearfix iphorm-labels-inside iphorm-element-required\" >\n    <div class=\"iphorm-element-spacer iphorm-element-spacer-text iphorm_3_4-element-spacer\">\n        <label for=\"iphorm_3_4_69f5eda5461c1\" class=\"iphorm_3_4-outer-label\" >Nome<\/label>        <div class=\"iphorm-input-wrap iphorm-input-wrap-text iphorm_3_4-input-wrap\" >\n            <input class=\"iphorm-element-text  iphorm_3_4\" id=\"iphorm_3_4_69f5eda5461c1\" type=\"text\" name=\"iphorm_3_4\"  value=\"\" style='width: 100%;' \/>\n                    <\/div>\n        <div class=\"iphorm-errors-wrap iphorm-hidden\" >\n    <\/div>    <\/div>\n    <\/div><div class=\"iphorm-element-wrap iphorm-element-wrap-text iphorm_3_5-element-wrap iphorm-clearfix iphorm-labels-inside iphorm-element-required\" >\n    <div class=\"iphorm-element-spacer iphorm-element-spacer-text iphorm_3_5-element-spacer\">\n        <label for=\"iphorm_3_5_69f5eda5461c1\" class=\"iphorm_3_5-outer-label\" >Apelido<\/label>        <div class=\"iphorm-input-wrap iphorm-input-wrap-text iphorm_3_5-input-wrap\" >\n            <input class=\"iphorm-element-text  iphorm_3_5\" id=\"iphorm_3_5_69f5eda5461c1\" type=\"text\" name=\"iphorm_3_5\"  value=\"\" style='width: 100%;' \/>\n                    <\/div>\n        <div class=\"iphorm-errors-wrap iphorm-hidden\" >\n    <\/div>    <\/div>\n    <\/div><\/div><\/div><\/div><\/div><div class=\"iphorm-group-row iphorm-clearfix iphorm-group-row-1cols\"><div class=\"iphorm-group-wrap iphorm_3_31-group-wrap iphorm-clearfix iphorm-labels-above iphorm-group-style-plain iphorm-group-alignment-proportional\" >\n    <div class=\"iphorm-group-elements\" >\n                <div class=\"iphorm-group-row iphorm-clearfix iphorm-group-row-2cols\"><div class=\"iphorm-element-wrap iphorm-element-wrap-text iphorm_3_42-element-wrap iphorm-clearfix iphorm-labels-inside iphorm-element-required\" >\n    <div class=\"iphorm-element-spacer iphorm-element-spacer-text iphorm_3_42-element-spacer\">\n        <label for=\"iphorm_3_42_69f5eda5461c1\" class=\"iphorm_3_42-outer-label\" >E-mail<\/label>        <div class=\"iphorm-input-wrap iphorm-input-wrap-text iphorm_3_42-input-wrap\" >\n            <input class=\"iphorm-element-text  iphorm_3_42\" id=\"iphorm_3_42_69f5eda5461c1\" type=\"email\" name=\"iphorm_3_42\"  value=\"\" style='width: 100%;' \/>\n                    <\/div>\n        <div class=\"iphorm-errors-wrap iphorm-hidden\" >\n    <\/div>    <\/div>\n    <\/div><div class=\"iphorm-element-wrap iphorm-element-wrap-text iphorm_3_43-element-wrap iphorm-clearfix iphorm-labels-inside iphorm-element-optional\" >\n    <div class=\"iphorm-element-spacer iphorm-element-spacer-text iphorm_3_43-element-spacer\">\n        <label for=\"iphorm_3_43_69f5eda5461c1\" class=\"iphorm_3_43-outer-label\" >Telefone<\/label>        <div class=\"iphorm-input-wrap iphorm-input-wrap-text iphorm_3_43-input-wrap\" >\n            <input class=\"iphorm-element-text  iphorm_3_43\" id=\"iphorm_3_43_69f5eda5461c1\" type=\"text\" name=\"iphorm_3_43\"  value=\"\" style='width: 100%;' \/>\n                    <\/div>\n        <div class=\"iphorm-errors-wrap iphorm-hidden\" >\n    <\/div>    <\/div>\n    <\/div><\/div><\/div><\/div><\/div><\/div><\/div><div class=\"iphorm-element-wrap iphorm-element-wrap-textarea iphorm_3_18-element-wrap iphorm-clearfix iphorm-labels-inside iphorm-element-optional\" >\n    <div class=\"iphorm-element-spacer iphorm-element-spacer-textarea iphorm_3_18-element-spacer\">\n        <label for=\"iphorm_3_18_69f5eda5461c1\" class=\"iphorm_3_18-outer-label\" >A sua Mensagem<\/label>        <div class=\"iphorm-input-wrap iphorm-input-wrap-textarea iphorm_3_18-input-wrap\" >\n            <textarea class=\"iphorm-element-textarea  iphorm_3_18\" id=\"iphorm_3_18_69f5eda5461c1\" name=\"iphorm_3_18\"  style='height: 150px;width: 98.9%;' rows=\"5\" cols=\"25\"><\/textarea>\n                    <\/div>\n        <div class=\"iphorm-errors-wrap iphorm-hidden\" >\n    <\/div>    <\/div>\n    <\/div><div class=\"iphorm-element-wrap iphorm-element-wrap-captcha iphorm_3_45-element-wrap iphorm-clearfix iphorm-labels-above iphorm-element-required\" >\n    <div class=\"iphorm-element-spacer iphorm-element-spacer-captcha iphorm_3_45-element-spacer\">\n        <label for=\"iphorm_3_45_69f5eda5461c1\" class=\"iphorm_3_45-outer-label\" >Type the characters<\/label>        <div class=\"iphorm-input-wrap iphorm-input-wrap-captcha iphorm_3_45-input-wrap\" >\n            <input class=\"iphorm-element-captcha  iphorm_3_45\" id=\"iphorm_3_45_69f5eda5461c1\" type=\"text\" name=\"iphorm_3_45\"  value=\"\"  \/>\n                    <\/div>\n        <div class=\"iphorm-captcha-image-wrap iphorm-clearfix iphorm_3_45-captcha-image-wrap\" >\n            <div class=\"ifb-captcha-image-inner\">\n                <img loading=\"lazy\" decoding=\"async\" width=\"115\" height=\"40\" id=\"iphorm-captcha-image-iphorm_3_45_69f5eda5461c1\" class=\"iphorm-captcha-image\" src=\"https:\/\/www.fotospace.pt\/wp-content\/plugins\/iphorm-form-builder\/includes\/captcha.php?c=eyJ1bmlxSWQiOiI2OWY1ZWRhNTQ2MWMxIiwidG1wRGlyIjoiXC90bXBcLyIsIm9wdGlvbnMiOnsibGVuZ3RoIjoiNSIsIndpZHRoIjoiMTE1IiwiaGVpZ2h0IjoiNDAiLCJiZ0NvbG91ciI6IiNGRkZGRkYiLCJ0ZXh0Q29sb3VyIjoiIzIyMjIyMiIsImZvbnQiOiJUeXBpc3QudHRmIiwibWluRm9udFNpemUiOiIxMiIsIm1heEZvbnRTaXplIjoiMTkiLCJtaW5BbmdsZSI6IjAiLCJtYXhBbmdsZSI6IjIwIn19&amp;t=1777724837.2951\" alt=\"CAPTCHA\" \/>\n            <\/div>\n        <\/div>\n\n        <script type=\"text\/javascript\">\n        jQuery(document).ready(function ($) {\n            $('#iphorm-captcha-image-iphorm_3_45_69f5eda5461c1').hover(function () {\n                $(this).stop().fadeTo('slow', '0.3');\n            }, function () {\n                $(this).stop().fadeTo('slow', '1.0');\n            }).click(function () {\n                var newSrc = $(this).attr('src').replace(\/&t=.+\/, '&t=' + new Date().getTime());\n                $(this).attr('src', newSrc);\n            });\n        });\n        <\/script>\n        <div class=\"iphorm-errors-wrap iphorm-hidden\" >\n    <\/div>    <\/div>\n<\/div><div class=\"iphorm-element-wrap iphorm-element-wrap-checkbox iphorm_3_44-element-wrap iphorm-clearfix iphorm-labels-above iphorm-element-required\" >\n    <div class=\"iphorm-element-spacer iphorm-element-spacer-checkbox iphorm_3_44-element-spacer\">\n                <div class=\"iphorm-input-wrap iphorm-input-wrap-checkbox iphorm_3_44-input-wrap\" >\n            <div class=\"iphorm-input-ul iphorm-input-checkbox-ul iphorm_3_44-input-ul iphorm-options-block iphorm-clearfix\" >\n                            <div class=\"iphorm-input-li iphorm-input-checkbox-li iphorm_3_44-input-li\" >\n                    <label  class=\"iphorm_3_44_1_label\">\n                        <input class=\"iphorm-element-checkbox iphorm_3_44 iphorm_3_44_1\" type=\"checkbox\" name=\"iphorm_3_44[]\" id=\"iphorm_3_44_69f5eda5461c1_1\" value=\"Li e aceito os termos de &lt;a href=&quot;https:\/\/www.fotospace.pt\/funcionamento&quot; target=&quot;_blank&quot; style=&quot;font-weight:bold; color:#363636&quot;&gt;funcionamento e condi\u00e7\u00f5es.&lt;\/a&gt;\"  \/>\n                        Li e aceito os termos de <a href=\"https:\/\/www.fotospace.pt\/en\/funcionamento\/\" target=\"_blank\" style=\"font-weight:bold; color:#363636\">funcionamento e condi\u00e7\u00f5es.<\/a>                    <\/label>\n                <\/div>\n                        <\/div>\n                    <\/div>\n        <div class=\"iphorm-errors-wrap iphorm-hidden\" >\n    <\/div>    <\/div>\n<\/div><div class=\"iphorm-hidden\">\n    <label>This field should be left blank<input type=\"text\" name=\"iphorm_3_0\" \/><\/label>\n<\/div>                <div class=\"iphorm-submit-wrap iphorm-submit-wrap-3 iphorm-clearfix\" >\n                    <div class=\"iphorm-submit-input-wrap iphorm-submit-input-wrap-3\" >\n                        <button class=\"iphorm-submit-element\" type=\"submit\" name=\"iphorm_submit\" ><span ><em >Enviar<\/em><\/span><\/button>\n                    <\/div>\n                    <div class=\"iphorm-loading-wrap\"><span class=\"iphorm-loading\">Please wait...<\/span><\/div>\n                <\/div>\n            <\/div>\n                                            <\/div>\n            <input type=\"hidden\" name=\"trp-form-language\" value=\"en\"\/><\/form>\n    <script type=\"text\/javascript\">\n    jQuery('#iphorm-outer-69f5eda5461c1 script').remove();\n    <\/script>\n<\/div>\n\n\t\t<\/div> \n\t<\/div> <\/div><\/div><\/div><\/div><\/div><\/div><\/div><\/div><\/div><\/div><\/div>","protected":false},"excerpt":{"rendered":"MORADARua das Pedralvas 5A 1500-487 Lisboa E-MAILgeral@fotospace.pt WhatsApp\u202d211 606 330\u202c FacebookMessenger Contacte-nos jQuery(document).ready(function($) { $('#iphorm-69f5eda54a525').iPhorm({\"id\":3,\"uniqueId\":\"69f5eda54a525\",\"useAjax\":true,\"successMessageTimeout\":10,\"resetFormValues\":\"\",\"clElementIds\":[],\"clDependentElementIds\":[],\"centerFancybox\":true,\"centerFancyboxSpeed\":true}); if ($.isFunction($.fn.qtip)) { $('.iphorm-tooltip-hover', iPhorm.instance.$form).qtip({ style: { classes: 'qtip-plain qtip-shadow' }, position: { my: 'left center', at: 'right center' } }); $('.iphorm-tooltip-click', iPhorm.instance.$form).qtip({ style: { classes: 'qtip-plain qtip-shadow' }, position:...","protected":false},"author":1997,"featured_media":0,"parent":0,"menu_order":0,"comment_status":"closed","ping_status":"closed","template":"contact-page.php","meta":{"_exactmetrics_skip_tracking":false,"_exactmetrics_sitenote_active":false,"_exactmetrics_sitenote_note":"","_exactmetrics_sitenote_category":0,"footnotes":""},"class_list":["post-18918","page","type-page","status-publish","hentry"],"yoast_head":"<!-- This site is optimized with the Yoast SEO plugin v27.5 - https:\/\/yoast.com\/product\/yoast-seo-wordpress\/ -->\n<title>Foto Space - Contactos - Aluguer de est\u00fadio fotogr\u00e1fico<\/title>\n<meta name=\"description\" content=\"Foto Space - Contactos - Aluguer de est\u00fadio fotogr\u00e1fico - Rua das Pedralvas 5A, Lisboa. Est\u00fadio para fot\u00f3grafos profissionais e workshops.\" \/>\n<meta name=\"robots\" content=\"index, follow, max-snippet:-1, max-image-preview:large, max-video-preview:-1\" \/>\n<link rel=\"canonical\" href=\"https:\/\/www.fotospace.pt\/en\/contactos\/\" \/>\n<meta property=\"og:locale\" content=\"en_GB\" \/>\n<meta property=\"og:type\" content=\"article\" \/>\n<meta property=\"og:title\" content=\"Foto Space - Contactos - Aluguer de est\u00fadio fotogr\u00e1fico\" \/>\n<meta property=\"og:description\" content=\"Foto Space - Contactos - Aluguer de est\u00fadio fotogr\u00e1fico - Rua das Pedralvas 5A, Lisboa. Est\u00fadio para fot\u00f3grafos profissionais e workshops.\" \/>\n<meta property=\"og:url\" content=\"https:\/\/www.fotospace.pt\/en\/contactos\/\" \/>\n<meta property=\"og:site_name\" content=\"Foto Space\" \/>\n<meta property=\"article:publisher\" content=\"https:\/\/www.facebook.com\/fotospace\/\" \/>\n<meta property=\"article:modified_time\" content=\"2024-04-11T10:37:09+00:00\" \/>\n<meta name=\"twitter:card\" content=\"summary_large_image\" \/>\n<meta name=\"twitter:label1\" content=\"Estimated reading time\" \/>\n\t<meta name=\"twitter:data1\" content=\"1 minute\" \/>\n<script type=\"application\/ld+json\" class=\"yoast-schema-graph\">{\"@context\":\"https:\\\/\\\/schema.org\",\"@graph\":[{\"@type\":\"WebPage\",\"@id\":\"https:\\\/\\\/www.fotospace.pt\\\/contactos\\\/\",\"url\":\"https:\\\/\\\/www.fotospace.pt\\\/contactos\\\/\",\"name\":\"Foto Space - Contactos - Aluguer de est\u00fadio fotogr\u00e1fico\",\"isPartOf\":{\"@id\":\"https:\\\/\\\/www.fotospace.pt\\\/eng\\\/#website\"},\"datePublished\":\"2014-06-02T11:17:04+00:00\",\"dateModified\":\"2024-04-11T10:37:09+00:00\",\"description\":\"Foto Space - Contactos - Aluguer de est\u00fadio fotogr\u00e1fico - Rua das Pedralvas 5A, Lisboa. Est\u00fadio para fot\u00f3grafos profissionais e workshops.\",\"breadcrumb\":{\"@id\":\"https:\\\/\\\/www.fotospace.pt\\\/contactos\\\/#breadcrumb\"},\"inLanguage\":\"en-GB\",\"potentialAction\":[{\"@type\":\"ReadAction\",\"target\":[\"https:\\\/\\\/www.fotospace.pt\\\/contactos\\\/\"]}]},{\"@type\":\"BreadcrumbList\",\"@id\":\"https:\\\/\\\/www.fotospace.pt\\\/contactos\\\/#breadcrumb\",\"itemListElement\":[{\"@type\":\"ListItem\",\"position\":1,\"name\":\"Home\",\"item\":\"https:\\\/\\\/www.fotospace.pt\\\/\"},{\"@type\":\"ListItem\",\"position\":2,\"name\":\"Contactos\"}]},{\"@type\":\"WebSite\",\"@id\":\"https:\\\/\\\/www.fotospace.pt\\\/eng\\\/#website\",\"url\":\"https:\\\/\\\/www.fotospace.pt\\\/eng\\\/\",\"name\":\"Foto Space\",\"description\":\"Aluguer de est\u00fadio fotogr\u00e1fico e workshops em Lisboa\",\"potentialAction\":[{\"@type\":\"SearchAction\",\"target\":{\"@type\":\"EntryPoint\",\"urlTemplate\":\"https:\\\/\\\/www.fotospace.pt\\\/eng\\\/?s={search_term_string}\"},\"query-input\":{\"@type\":\"PropertyValueSpecification\",\"valueRequired\":true,\"valueName\":\"search_term_string\"}}],\"inLanguage\":\"en-GB\"}]}<\/script>\n<!-- \/ Yoast SEO plugin. -->","yoast_head_json":{"title":"Foto Space - Contactos - Aluguer de est\u00fadio fotogr\u00e1fico","description":"Foto Space - Contactos - Aluguer de est\u00fadio fotogr\u00e1fico - Rua das Pedralvas 5A, Lisboa. Est\u00fadio para fot\u00f3grafos profissionais e workshops.","robots":{"index":"index","follow":"follow","max-snippet":"max-snippet:-1","max-image-preview":"max-image-preview:large","max-video-preview":"max-video-preview:-1"},"canonical":"https:\/\/www.fotospace.pt\/en\/contactos\/","og_locale":"en_GB","og_type":"article","og_title":"Foto Space - Contactos - Aluguer de est\u00fadio fotogr\u00e1fico","og_description":"Foto Space - Contactos - Aluguer de est\u00fadio fotogr\u00e1fico - Rua das Pedralvas 5A, Lisboa. Est\u00fadio para fot\u00f3grafos profissionais e workshops.","og_url":"https:\/\/www.fotospace.pt\/en\/contactos\/","og_site_name":"Foto Space","article_publisher":"https:\/\/www.facebook.com\/fotospace\/","article_modified_time":"2024-04-11T10:37:09+00:00","twitter_card":"summary_large_image","twitter_misc":{"Estimated reading time":"1 minute"},"schema":{"@context":"https:\/\/schema.org","@graph":[{"@type":"WebPage","@id":"https:\/\/www.fotospace.pt\/contactos\/","url":"https:\/\/www.fotospace.pt\/contactos\/","name":"Foto Space - Contactos - Aluguer de est\u00fadio fotogr\u00e1fico","isPartOf":{"@id":"https:\/\/www.fotospace.pt\/eng\/#website"},"datePublished":"2014-06-02T11:17:04+00:00","dateModified":"2024-04-11T10:37:09+00:00","description":"Foto Space - Contactos - Aluguer de est\u00fadio fotogr\u00e1fico - Rua das Pedralvas 5A, Lisboa. Est\u00fadio para fot\u00f3grafos profissionais e workshops.","breadcrumb":{"@id":"https:\/\/www.fotospace.pt\/contactos\/#breadcrumb"},"inLanguage":"en-GB","potentialAction":[{"@type":"ReadAction","target":["https:\/\/www.fotospace.pt\/contactos\/"]}]},{"@type":"BreadcrumbList","@id":"https:\/\/www.fotospace.pt\/contactos\/#breadcrumb","itemListElement":[{"@type":"ListItem","position":1,"name":"Home","item":"https:\/\/www.fotospace.pt\/"},{"@type":"ListItem","position":2,"name":"Contactos"}]},{"@type":"WebSite","@id":"https:\/\/www.fotospace.pt\/eng\/#website","url":"https:\/\/www.fotospace.pt\/eng\/","name":"Foto Space","description":"Aluguer de est\u00fadio fotogr\u00e1fico e workshops em Lisboa","potentialAction":[{"@type":"SearchAction","target":{"@type":"EntryPoint","urlTemplate":"https:\/\/www.fotospace.pt\/eng\/?s={search_term_string}"},"query-input":{"@type":"PropertyValueSpecification","valueRequired":true,"valueName":"search_term_string"}}],"inLanguage":"en-GB"}]}},"_links":{"self":[{"href":"https:\/\/www.fotospace.pt\/en\/wp-json\/wp\/v2\/pages\/18918","targetHints":{"allow":["GET"]}}],"collection":[{"href":"https:\/\/www.fotospace.pt\/en\/wp-json\/wp\/v2\/pages"}],"about":[{"href":"https:\/\/www.fotospace.pt\/en\/wp-json\/wp\/v2\/types\/page"}],"author":[{"embeddable":true,"href":"https:\/\/www.fotospace.pt\/en\/wp-json\/wp\/v2\/users\/1997"}],"replies":[{"embeddable":true,"href":"https:\/\/www.fotospace.pt\/en\/wp-json\/wp\/v2\/comments?post=18918"}],"version-history":[{"count":43,"href":"https:\/\/www.fotospace.pt\/en\/wp-json\/wp\/v2\/pages\/18918\/revisions"}],"predecessor-version":[{"id":22623,"href":"https:\/\/www.fotospace.pt\/en\/wp-json\/wp\/v2\/pages\/18918\/revisions\/22623"}],"wp:attachment":[{"href":"https:\/\/www.fotospace.pt\/en\/wp-json\/wp\/v2\/media?parent=18918"}],"curies":[{"name":"wp","href":"https:\/\/api.w.org\/{rel}","templated":true}]}}